{"id":335,"date":"2019-12-09T21:25:15","date_gmt":"2019-12-09T20:25:15","guid":{"rendered":"http:\/\/bildungsgeschichte.de\/?page_id=335"},"modified":"2020-02-04T10:43:30","modified_gmt":"2020-02-04T09:43:30","slug":"datenwerkstatt","status":"publish","type":"page","link":"https:\/\/bildungsgeschichte.de\/index.php\/datenwerkstatt\/","title":{"rendered":"Datenwerkstatt"},"content":{"rendered":"<div id=\"pl-gb335-69d25273399ce\"  class=\"panel-layout\" ><div id=\"pg-gb335-69d25273399ce-0\"  class=\"panel-grid panel-no-style\" ><div id=\"pgc-gb335-69d25273399ce-0-0\"  class=\"panel-grid-cell\" ><div id=\"panel-gb335-69d25273399ce-0-0-0\" class=\"so-panel widget widget_zuki_recentposts_color panel-first-child panel-last-child\" data-index=\"0\" >\n\t\t\n\n<div class=\"bg-wrap cf\">\n\n   \n   <article class=\"rp-color cf\">\n\t   \t\t\t <div class=\"entry-thumb\">\n\t\t\t\t <a href=\"https:\/\/bildungsgeschichte.de\/index.php\/beitrag\/5537\/\" title=\"Permalink to Digitale Korpora in der Historischen Bildungsforschung: Erzeugung und analytische Perspektiven am Beispiel von FaDe:Live (1782\u20131891)\"><img loading=\"lazy\" decoding=\"async\" width=\"420\" height=\"380\" src=\"https:\/\/bildungsgeschichte.de\/wp-content\/uploads\/2025\/12\/Heimboeckel-2025-Teaserbild-Korpuskonstruktion_Flussdiagramm_840-420x380.png\" class=\"attachment-zuki-medium-portrait size-zuki-medium-portrait wp-post-image\" alt=\"Teaserbild Korpuskonstruktion; by Hendrick Heimb\u00f6ckel\" \/><\/a>\n\t\t\t<\/div><!-- end .entry-thumb -->\n\t\t\n\t\t<header class=\"entry-header\">\n\t\t\t<div class=\"entry-cats\">\n\t\t\t\t<a href=\"https:\/\/bildungsgeschichte.de\/index.php\/beitrag\/category\/werkstatt\/daten\/\" rel=\"category tag\">Daten<\/a>, <a href=\"https:\/\/bildungsgeschichte.de\/index.php\/beitrag\/category\/quellen\/\" rel=\"category tag\">Quellen<\/a>, <a href=\"https:\/\/bildungsgeschichte.de\/index.php\/beitrag\/category\/werkstatt\/\" rel=\"category tag\">Werkstatt<\/a>\t\t\t<\/div><!-- end .entry-cats -->\n\t\t\t<h3 class=\"entry-title\"><a href=\"https:\/\/bildungsgeschichte.de\/index.php\/beitrag\/5537\/\" title=\"Permalink to Digitale Korpora in der Historischen Bildungsforschung: Erzeugung und analytische Perspektiven am Beispiel von FaDe:Live (1782\u20131891)\">Digitale Korpora in der Historischen Bildungsforschung: Erzeugung und analytische Perspektiven am Beispiel von FaDe:Live (1782\u20131891)<\/a><\/h3>\n\t\t<\/header>\n\t\t<div class=\"story\">\n\t\t\t<p class=\"summary\">Im Verlauf des 19. Jahrhunderts etabliert sich die Vermittlung von Literatur im deutschsprachigen Unterricht an h\u00f6heren Schulen. Seitdem geh\u00f6rt Literatur zum integralen Bestandteil des Fachs Deutsch an weiterf\u00fchrenden Schulen&#8230;<\/p>\n\t\t\t<footer class=\"entry-footer\">\n\t\t\t\t<div class=\"entry-date\"><a href=\"https:\/\/bildungsgeschichte.de\/index.php\/beitrag\/5537\/\" class=\"entry-date\">23. Dezember 2025<\/a><\/div>\n\t\t\t\t\t\t\t<\/footer>\n\t\t<\/div><!--end .story -->\n    <\/article><!--end .rp-color -->\n\n   \n   <article class=\"rp-color cf\">\n\t   \t\t\t <div class=\"entry-thumb\">\n\t\t\t\t <a href=\"https:\/\/bildungsgeschichte.de\/index.php\/beitrag\/4993\/\" title=\"Permalink to Eine bildungs- und medienhistorische Ressource zum Lehrfilm in \u00d6sterreich: www.lehrfilmpraktiken.at\"><img loading=\"lazy\" decoding=\"async\" width=\"420\" height=\"380\" src=\"https:\/\/bildungsgeschichte.de\/wp-content\/uploads\/2024\/10\/Pilz_ua-Teaserbild_Filter-420x380.png\" class=\"attachment-zuki-medium-portrait size-zuki-medium-portrait wp-post-image\" alt=\"\" \/><\/a>\n\t\t\t<\/div><!-- end .entry-thumb -->\n\t\t\n\t\t<header class=\"entry-header\">\n\t\t\t<div class=\"entry-cats\">\n\t\t\t\t<a href=\"https:\/\/bildungsgeschichte.de\/index.php\/beitrag\/category\/werkstatt\/daten\/\" rel=\"category tag\">Daten<\/a>, <a href=\"https:\/\/bildungsgeschichte.de\/index.php\/beitrag\/category\/quellen\/\" rel=\"category tag\">Quellen<\/a>, <a href=\"https:\/\/bildungsgeschichte.de\/index.php\/beitrag\/category\/quellen\/thematische-sammlung\/\" rel=\"category tag\">Thematische Sammlung<\/a>, <a href=\"https:\/\/bildungsgeschichte.de\/index.php\/beitrag\/category\/werkstatt\/\" rel=\"category tag\">Werkstatt<\/a>\t\t\t<\/div><!-- end .entry-cats -->\n\t\t\t<h3 class=\"entry-title\"><a href=\"https:\/\/bildungsgeschichte.de\/index.php\/beitrag\/4993\/\" title=\"Permalink to Eine bildungs- und medienhistorische Ressource zum Lehrfilm in \u00d6sterreich: www.lehrfilmpraktiken.at\">Eine bildungs- und medienhistorische Ressource zum Lehrfilm in \u00d6sterreich: www.lehrfilmpraktiken.at<\/a><\/h3>\n\t\t<\/header>\n\t\t<div class=\"story\">\n\t\t\t<p class=\"summary\">Einleitung Etablierte Vorstellungen und Praktiken von Bildung werden bis heute durch das Bewegtbild herausgefordert (z.B. in der Konzeption von Film als nicht auf Text oder Standbild reduziblem Wissenstr\u00e4ger) und&#8230;<\/p>\n\t\t\t<footer class=\"entry-footer\">\n\t\t\t\t<div class=\"entry-date\"><a href=\"https:\/\/bildungsgeschichte.de\/index.php\/beitrag\/4993\/\" class=\"entry-date\">18. November 2024<\/a><\/div>\n\t\t\t\t\t\t\t<\/footer>\n\t\t<\/div><!--end .story -->\n    <\/article><!--end .rp-color -->\n\n   \n   <article class=\"rp-color cf\">\n\t   \t\t\t <div class=\"entry-thumb\">\n\t\t\t\t <a href=\"https:\/\/bildungsgeschichte.de\/index.php\/beitrag\/4824\/\" title=\"Permalink to Beitr\u00e4ge zu den deutsch-t\u00fcrkischen Bildungsbeziehungen in Lehrerzeitungen des Wilhelminischen Kaiserreichs \u2013 eine Bibliographie\"><img loading=\"lazy\" decoding=\"async\" width=\"420\" height=\"380\" src=\"https:\/\/bildungsgeschichte.de\/wp-content\/uploads\/2023\/11\/Banner_BoettcherLohmann-420x380.jpg\" class=\"attachment-zuki-medium-portrait size-zuki-medium-portrait wp-post-image\" alt=\"Teaserbild Deutsch-t\u00fcrkische Bildungsbeziehungen\" \/><\/a>\n\t\t\t<\/div><!-- end .entry-thumb -->\n\t\t\n\t\t<header class=\"entry-header\">\n\t\t\t<div class=\"entry-cats\">\n\t\t\t\t<a href=\"https:\/\/bildungsgeschichte.de\/index.php\/beitrag\/category\/werkstatt\/daten\/\" rel=\"category tag\">Daten<\/a>, <a href=\"https:\/\/bildungsgeschichte.de\/index.php\/beitrag\/category\/quellen\/\" rel=\"category tag\">Quellen<\/a>, <a href=\"https:\/\/bildungsgeschichte.de\/index.php\/beitrag\/category\/quellen\/thematische-sammlung\/\" rel=\"category tag\">Thematische Sammlung<\/a>\t\t\t<\/div><!-- end .entry-cats -->\n\t\t\t<h3 class=\"entry-title\"><a href=\"https:\/\/bildungsgeschichte.de\/index.php\/beitrag\/4824\/\" title=\"Permalink to Beitr\u00e4ge zu den deutsch-t\u00fcrkischen Bildungsbeziehungen in Lehrerzeitungen des Wilhelminischen Kaiserreichs \u2013 eine Bibliographie\">Beitr\u00e4ge zu den deutsch-t\u00fcrkischen Bildungsbeziehungen in Lehrerzeitungen des Wilhelminischen Kaiserreichs \u2013 eine Bibliographie<\/a><\/h3>\n\t\t<\/header>\n\t\t<div class=\"story\">\n\t\t\t<p class=\"summary\">Einleitung Das heutige allgemeine Nicht-Wissen um deutsch-t\u00fcrkische Beziehungen vor dem \u201eGastarbeiter\u201c-Anwerbeabkommen mit der T\u00fcrkei von 1961 steht in einem erstaunlichen Gegensatz zu der breiten \u00f6ffentlichen und bildungspolitischen Aufmerksamkeit, die&#8230;<\/p>\n\t\t\t<footer class=\"entry-footer\">\n\t\t\t\t<div class=\"entry-date\"><a href=\"https:\/\/bildungsgeschichte.de\/index.php\/beitrag\/4824\/\" class=\"entry-date\">23. August 2023<\/a><\/div>\n\t\t\t\t\t\t\t<\/footer>\n\t\t<\/div><!--end .story -->\n    <\/article><!--end .rp-color -->\n\n   \n   <article class=\"rp-color cf\">\n\t   \t\t\t <div class=\"entry-thumb\">\n\t\t\t\t <a href=\"https:\/\/bildungsgeschichte.de\/index.php\/beitrag\/4190\/\" title=\"Permalink to Historische Schulb\u00fccher mit digitalen Werkzeugen untersuchen \u2013 das Stichwort &#8222;Leistung&#8220; im &#8222;GEI-Digital-2020&#8220; Korpus\"><img loading=\"lazy\" decoding=\"async\" width=\"420\" height=\"190\" src=\"https:\/\/bildungsgeschichte.de\/wp-content\/uploads\/2023\/03\/Teaser_final.jpg\" class=\"attachment-zuki-medium-portrait size-zuki-medium-portrait wp-post-image\" alt=\"\" \/><\/a>\n\t\t\t<\/div><!-- end .entry-thumb -->\n\t\t\n\t\t<header class=\"entry-header\">\n\t\t\t<div class=\"entry-cats\">\n\t\t\t\t<a href=\"https:\/\/bildungsgeschichte.de\/index.php\/beitrag\/category\/werkstatt\/daten\/\" rel=\"category tag\">Daten<\/a>, <a href=\"https:\/\/bildungsgeschichte.de\/index.php\/beitrag\/category\/quellen\/\" rel=\"category tag\">Quellen<\/a>, <a href=\"https:\/\/bildungsgeschichte.de\/index.php\/beitrag\/category\/quellen\/thematische-sammlung\/\" rel=\"category tag\">Thematische Sammlung<\/a>, <a href=\"https:\/\/bildungsgeschichte.de\/index.php\/beitrag\/category\/werkstatt\/\" rel=\"category tag\">Werkstatt<\/a>\t\t\t<\/div><!-- end .entry-cats -->\n\t\t\t<h3 class=\"entry-title\"><a href=\"https:\/\/bildungsgeschichte.de\/index.php\/beitrag\/4190\/\" title=\"Permalink to Historische Schulb\u00fccher mit digitalen Werkzeugen untersuchen \u2013 das Stichwort &#8222;Leistung&#8220; im &#8222;GEI-Digital-2020&#8220; Korpus\">Historische Schulb\u00fccher mit digitalen Werkzeugen untersuchen \u2013 das Stichwort &#8222;Leistung&#8220; im &#8222;GEI-Digital-2020&#8220; Korpus<\/a><\/h3>\n\t\t<\/header>\n\t\t<div class=\"story\">\n\t\t\t<p class=\"summary\">Friedrich Schleiermacher riet in seinem einflussreichen Werk Hermeneutik und Kritik dazu, einen zu untersuchenden Textabschnitt m\u00f6glichst im Kontext des ganzen Werkes, der Sprache und des Lebens des Verfassers, und&#8230;<\/p>\n\t\t\t<footer class=\"entry-footer\">\n\t\t\t\t<div class=\"entry-date\"><a href=\"https:\/\/bildungsgeschichte.de\/index.php\/beitrag\/4190\/\" class=\"entry-date\">10. Februar 2023<\/a><\/div>\n\t\t\t\t\t\t\t<\/footer>\n\t\t<\/div><!--end .story -->\n    <\/article><!--end .rp-color -->\n\n   \n   <article class=\"rp-color cf\">\n\t   \t\t\t <div class=\"entry-thumb\">\n\t\t\t\t <a href=\"https:\/\/bildungsgeschichte.de\/index.php\/beitrag\/3456\/\" title=\"Permalink to Das philologische Seminar der Berliner Universit\u00e4t: Forschungsdaten zur Entstehung der modernen Forschungsuniversit\u00e4t und der h\u00f6heren Lehrerbildung\"><img loading=\"lazy\" decoding=\"async\" width=\"420\" height=\"380\" src=\"https:\/\/bildungsgeschichte.de\/wp-content\/uploads\/2023\/07\/banner-420x380.jpeg\" class=\"attachment-zuki-medium-portrait size-zuki-medium-portrait wp-post-image\" alt=\"\" \/><\/a>\n\t\t\t<\/div><!-- end .entry-thumb -->\n\t\t\n\t\t<header class=\"entry-header\">\n\t\t\t<div class=\"entry-cats\">\n\t\t\t\t<a href=\"https:\/\/bildungsgeschichte.de\/index.php\/beitrag\/category\/werkstatt\/daten\/\" rel=\"category tag\">Daten<\/a>, <a href=\"https:\/\/bildungsgeschichte.de\/index.php\/beitrag\/category\/quellen\/editionen\/\" rel=\"category tag\">Editionen<\/a>, <a href=\"https:\/\/bildungsgeschichte.de\/index.php\/beitrag\/category\/quellen\/kuratierte-sammlung\/\" rel=\"category tag\">Kuratierte Sammlung<\/a>, <a href=\"https:\/\/bildungsgeschichte.de\/index.php\/beitrag\/category\/quellen\/\" rel=\"category tag\">Quellen<\/a>\t\t\t<\/div><!-- end .entry-cats -->\n\t\t\t<h3 class=\"entry-title\"><a href=\"https:\/\/bildungsgeschichte.de\/index.php\/beitrag\/3456\/\" title=\"Permalink to Das philologische Seminar der Berliner Universit\u00e4t: Forschungsdaten zur Entstehung der modernen Forschungsuniversit\u00e4t und der h\u00f6heren Lehrerbildung\">Das philologische Seminar der Berliner Universit\u00e4t: Forschungsdaten zur Entstehung der modernen Forschungsuniversit\u00e4t und der h\u00f6heren Lehrerbildung<\/a><\/h3>\n\t\t<\/header>\n\t\t<div class=\"story\">\n\t\t\t<p class=\"summary\">Neue universit\u00e4re Organisations-, Lehr- und Lernformen erforschen &#8211; f\u00fcr das Seminar von August Boeck (1785-1867) an der Berliner Universit\u00e4t liegt nun eine Sammlung vielf\u00e4ltiger Forschungsdaten vor.<\/p>\n\t\t\t<footer class=\"entry-footer\">\n\t\t\t\t<div class=\"entry-date\"><a href=\"https:\/\/bildungsgeschichte.de\/index.php\/beitrag\/3456\/\" class=\"entry-date\">24. Februar 2022<\/a><\/div>\n\t\t\t\t\t\t\t<\/footer>\n\t\t<\/div><!--end .story -->\n    <\/article><!--end .rp-color -->\n\n   \n   <article class=\"rp-color cf\">\n\t   \t\t\t <div class=\"entry-thumb\">\n\t\t\t\t <a href=\"https:\/\/bildungsgeschichte.de\/index.php\/beitrag\/2773\/\" title=\"Permalink to Wer waren die Absolventen des Gothaer Gymnasiums Illustre?\"><img loading=\"lazy\" decoding=\"async\" width=\"420\" height=\"380\" src=\"https:\/\/bildungsgeschichte.de\/wp-content\/uploads\/2023\/11\/banner-1-2-420x380.jpg\" class=\"attachment-zuki-medium-portrait size-zuki-medium-portrait wp-post-image\" alt=\"Teaserbild Absolventen Gymnasium Illustre\" \/><\/a>\n\t\t\t<\/div><!-- end .entry-thumb -->\n\t\t\n\t\t<header class=\"entry-header\">\n\t\t\t<div class=\"entry-cats\">\n\t\t\t\t<a href=\"https:\/\/bildungsgeschichte.de\/index.php\/beitrag\/category\/werkstatt\/daten\/\" rel=\"category tag\">Daten<\/a>, <a href=\"https:\/\/bildungsgeschichte.de\/index.php\/beitrag\/category\/werkstatt\/\" rel=\"category tag\">Werkstatt<\/a>\t\t\t<\/div><!-- end .entry-cats -->\n\t\t\t<h3 class=\"entry-title\"><a href=\"https:\/\/bildungsgeschichte.de\/index.php\/beitrag\/2773\/\" title=\"Permalink to Wer waren die Absolventen des Gothaer Gymnasiums Illustre?\">Wer waren die Absolventen des Gothaer Gymnasiums Illustre?<\/a><\/h3>\n\t\t<\/header>\n\t\t<div class=\"story\">\n\t\t\t<p class=\"summary\">Ein neuer Datensatz erm\u00f6glicht es, mit dem Gothaer Ernestinum die Schul- und Bildungsgeschichte von der Reformation bis ins 19. Jahrhundert zu erforschen. Olaf Simons erkl\u00e4rt seine Nutzung.<\/p>\n\t\t\t<footer class=\"entry-footer\">\n\t\t\t\t<div class=\"entry-date\"><a href=\"https:\/\/bildungsgeschichte.de\/index.php\/beitrag\/2773\/\" class=\"entry-date\">5. Juli 2021<\/a><\/div>\n\t\t\t\t\t\t\t<\/footer>\n\t\t<\/div><!--end .story -->\n    <\/article><!--end .rp-color -->\n\n   \n   <article class=\"rp-color cf\">\n\t   \t\t\t <div class=\"entry-thumb\">\n\t\t\t\t <a href=\"https:\/\/bildungsgeschichte.de\/index.php\/beitrag\/1285\/\" title=\"Permalink to Bildungsgeschichte als quantifizierende Sozialgeschichte: bringing a dead man back to life?\"><img loading=\"lazy\" decoding=\"async\" width=\"420\" height=\"380\" src=\"https:\/\/bildungsgeschichte.de\/wp-content\/uploads\/2020\/09\/banner-dhb-420x380.jpg\" class=\"attachment-zuki-medium-portrait size-zuki-medium-portrait wp-post-image\" alt=\"\" \/><\/a>\n\t\t\t<\/div><!-- end .entry-thumb -->\n\t\t\n\t\t<header class=\"entry-header\">\n\t\t\t<div class=\"entry-cats\">\n\t\t\t\t<a href=\"https:\/\/bildungsgeschichte.de\/index.php\/beitrag\/category\/werkstatt\/daten\/\" rel=\"category tag\">Daten<\/a>, <a href=\"https:\/\/bildungsgeschichte.de\/index.php\/beitrag\/category\/quellen\/kuratierte-sammlung\/\" rel=\"category tag\">Kuratierte Sammlung<\/a>, <a href=\"https:\/\/bildungsgeschichte.de\/index.php\/beitrag\/category\/quellen\/\" rel=\"category tag\">Quellen<\/a>, <a href=\"https:\/\/bildungsgeschichte.de\/index.php\/beitrag\/category\/werkstatt\/\" rel=\"category tag\">Werkstatt<\/a>\t\t\t<\/div><!-- end .entry-cats -->\n\t\t\t<h3 class=\"entry-title\"><a href=\"https:\/\/bildungsgeschichte.de\/index.php\/beitrag\/1285\/\" title=\"Permalink to Bildungsgeschichte als quantifizierende Sozialgeschichte: bringing a dead man back to life?\">Bildungsgeschichte als quantifizierende Sozialgeschichte: bringing a dead man back to life?<\/a><\/h3>\n\t\t<\/header>\n\t\t<div class=\"story\">\n\t\t\t<p class=\"summary\">Das Datenhandbuch zur deutschen Bildungsgeschichte (DHB) ist eine wichtige Ressource f\u00fcr die Forschung. Der Beitrag stellt Daten-Zugang und den wissenschaftlichen Kontext der erschienen B\u00e4nde  dar.<\/p>\n\t\t\t<footer class=\"entry-footer\">\n\t\t\t\t<div class=\"entry-date\"><a href=\"https:\/\/bildungsgeschichte.de\/index.php\/beitrag\/1285\/\" class=\"entry-date\">15. September 2020<\/a><\/div>\n\t\t\t\t\t\t\t<\/footer>\n\t\t<\/div><!--end .story -->\n    <\/article><!--end .rp-color -->\n\n   \n   <article class=\"rp-color cf\">\n\t   \n\t\t<header class=\"entry-header\">\n\t\t\t<div class=\"entry-cats\">\n\t\t\t\t<a href=\"https:\/\/bildungsgeschichte.de\/index.php\/beitrag\/category\/werkstatt\/daten\/\" rel=\"category tag\">Daten<\/a>, <a href=\"https:\/\/bildungsgeschichte.de\/index.php\/beitrag\/category\/werkstatt\/\" rel=\"category tag\">Werkstatt<\/a>\t\t\t<\/div><!-- end .entry-cats -->\n\t\t\t<h3 class=\"entry-title\"><a href=\"https:\/\/bildungsgeschichte.de\/index.php\/beitrag\/1216\/\" title=\"Permalink to Das Schularchive-Wiki\">Das Schularchive-Wiki<\/a><\/h3>\n\t\t<\/header>\n\t\t<div class=\"story\">\n\t\t\t<p class=\"summary\">Im Schularchive-Wiki werden historische Quellen v.a. aus lokalen Archiven verzeichnet. Das Wiki soll Sammlungen von Einzelschulen und Schulmuseen und Historische Bildungsforschung n\u00e4her zusammenbringen.<\/p>\n\t\t\t<footer class=\"entry-footer\">\n\t\t\t\t<div class=\"entry-date\"><a href=\"https:\/\/bildungsgeschichte.de\/index.php\/beitrag\/1216\/\" class=\"entry-date\">22. Juni 2020<\/a><\/div>\n\t\t\t\t\t\t\t<\/footer>\n\t\t<\/div><!--end .story -->\n    <\/article><!--end .rp-color -->\n\n   \n   <article class=\"rp-color cf\">\n\t   \t\t\t <div class=\"entry-thumb\">\n\t\t\t\t <a href=\"https:\/\/bildungsgeschichte.de\/index.php\/beitrag\/51\/\" title=\"Permalink to Datenset &#038; Bibliografie &#8211; Bertuchs \u201eBilderbuch f\u00fcr Kinder\u201c\"><img loading=\"lazy\" decoding=\"async\" width=\"420\" height=\"190\" src=\"https:\/\/bildungsgeschichte.de\/wp-content\/uploads\/2020\/01\/Bertuch_Medusenstern_ad00341_03_096a.jpg\" class=\"attachment-zuki-medium-portrait size-zuki-medium-portrait wp-post-image\" alt=\"Beitragsbild - Medusenstern\" \/><\/a>\n\t\t\t<\/div><!-- end .entry-thumb -->\n\t\t\n\t\t<header class=\"entry-header\">\n\t\t\t<div class=\"entry-cats\">\n\t\t\t\t<a href=\"https:\/\/bildungsgeschichte.de\/index.php\/beitrag\/category\/werkstatt\/daten\/\" rel=\"category tag\">Daten<\/a>, <a href=\"https:\/\/bildungsgeschichte.de\/index.php\/beitrag\/category\/quellen\/\" rel=\"category tag\">Quellen<\/a>, <a href=\"https:\/\/bildungsgeschichte.de\/index.php\/beitrag\/category\/werkstatt\/\" rel=\"category tag\">Werkstatt<\/a>\t\t\t<\/div><!-- end .entry-cats -->\n\t\t\t<h3 class=\"entry-title\"><a href=\"https:\/\/bildungsgeschichte.de\/index.php\/beitrag\/51\/\" title=\"Permalink to Datenset &#038; Bibliografie &#8211; Bertuchs \u201eBilderbuch f\u00fcr Kinder\u201c\">Datenset &#038; Bibliografie &#8211; Bertuchs \u201eBilderbuch f\u00fcr Kinder\u201c<\/a><\/h3>\n\t\t<\/header>\n\t\t<div class=\"story\">\n\t\t\t<p class=\"summary\">Der Beitrag beschreibt einen Datensatz, bestehend aus ca. 3600 digitalisierten Bildern mit Metadaten aus der Zeit um 1800. <\/p>\n\t\t\t<footer class=\"entry-footer\">\n\t\t\t\t<div class=\"entry-date\"><a href=\"https:\/\/bildungsgeschichte.de\/index.php\/beitrag\/51\/\" class=\"entry-date\">7. Januar 2020<\/a><\/div>\n\t\t\t\t\t\t\t<\/footer>\n\t\t<\/div><!--end .story -->\n    <\/article><!--end .rp-color -->\n\n   \n<\/div><!--end .bg-wrap -->\n\n\t   <\/div><\/div><\/div><\/div>","protected":false},"excerpt":{"rendered":"","protected":false},"author":2,"featured_media":0,"parent":0,"menu_order":0,"comment_status":"closed","ping_status":"closed","template":"","meta":{"footnotes":""},"class_list":["post-335","page","type-page","status-publish","hentry"],"_links":{"self":[{"href":"https:\/\/bildungsgeschichte.de\/index.php\/wp-json\/wp\/v2\/pages\/335","targetHints":{"allow":["GET"]}}],"collection":[{"href":"https:\/\/bildungsgeschichte.de\/index.php\/wp-json\/wp\/v2\/pages"}],"about":[{"href":"https:\/\/bildungsgeschichte.de\/index.php\/wp-json\/wp\/v2\/types\/page"}],"author":[{"embeddable":true,"href":"https:\/\/bildungsgeschichte.de\/index.php\/wp-json\/wp\/v2\/users\/2"}],"replies":[{"embeddable":true,"href":"https:\/\/bildungsgeschichte.de\/index.php\/wp-json\/wp\/v2\/comments?post=335"}],"version-history":[{"count":4,"href":"https:\/\/bildungsgeschichte.de\/index.php\/wp-json\/wp\/v2\/pages\/335\/revisions"}],"predecessor-version":[{"id":4150,"href":"https:\/\/bildungsgeschichte.de\/index.php\/wp-json\/wp\/v2\/pages\/335\/revisions\/4150"}],"wp:attachment":[{"href":"https:\/\/bildungsgeschichte.de\/index.php\/wp-json\/wp\/v2\/media?parent=335"}],"curies":[{"name":"wp","href":"https:\/\/api.w.org\/{rel}","templated":true}]}}