{"id":175,"date":"2019-11-21T16:00:29","date_gmt":"2019-11-21T15:00:29","guid":{"rendered":"http:\/\/bildungsgeschichte.de\/?page_id=175"},"modified":"2019-11-27T23:00:51","modified_gmt":"2019-11-27T22:00:51","slug":"editionen","status":"publish","type":"page","link":"https:\/\/bildungsgeschichte.de\/index.php\/editionen\/","title":{"rendered":"Editionen"},"content":{"rendered":"<div id=\"pl-gb175-69d97b04a57d7\"  class=\"panel-layout\" ><div id=\"pg-gb175-69d97b04a57d7-0\"  class=\"panel-grid panel-no-style\" ><div id=\"pgc-gb175-69d97b04a57d7-0-0\"  class=\"panel-grid-cell\" ><div id=\"panel-gb175-69d97b04a57d7-0-0-0\" class=\"so-panel widget widget_zuki_recentposts_color panel-first-child panel-last-child\" data-index=\"0\" >\n\t\t\n\n<div class=\"bg-wrap cf\">\n\n   \n   <article class=\"rp-color cf\">\n\t   \t\t\t <div class=\"entry-thumb\">\n\t\t\t\t <a href=\"https:\/\/bildungsgeschichte.de\/index.php\/beitrag\/4076\/\" title=\"Permalink to Hamburger Schl\u00fcsseldokumente zur deutsch-j\u00fcdischen Geschichte \u2013 eine auch bildungshistorisch bedeutsame Quellen-Edition\"><img loading=\"lazy\" decoding=\"async\" width=\"420\" height=\"380\" src=\"https:\/\/bildungsgeschichte.de\/wp-content\/uploads\/2023\/06\/banner-1-420x380.jpeg\" class=\"attachment-zuki-medium-portrait size-zuki-medium-portrait wp-post-image\" alt=\"\" \/><\/a>\n\t\t\t<\/div><!-- end .entry-thumb -->\n\t\t\n\t\t<header class=\"entry-header\">\n\t\t\t<div class=\"entry-cats\">\n\t\t\t\t<a href=\"https:\/\/bildungsgeschichte.de\/index.php\/beitrag\/category\/quellen\/editionen\/\" rel=\"category tag\">Editionen<\/a>, <a href=\"https:\/\/bildungsgeschichte.de\/index.php\/beitrag\/category\/quellen\/\" rel=\"category tag\">Quellen<\/a>, <a href=\"https:\/\/bildungsgeschichte.de\/index.php\/beitrag\/category\/quellen\/thematische-sammlung\/\" rel=\"category tag\">Thematische Sammlung<\/a>\t\t\t<\/div><!-- end .entry-cats -->\n\t\t\t<h3 class=\"entry-title\"><a href=\"https:\/\/bildungsgeschichte.de\/index.php\/beitrag\/4076\/\" title=\"Permalink to Hamburger Schl\u00fcsseldokumente zur deutsch-j\u00fcdischen Geschichte \u2013 eine auch bildungshistorisch bedeutsame Quellen-Edition\">Hamburger Schl\u00fcsseldokumente zur deutsch-j\u00fcdischen Geschichte \u2013 eine auch bildungshistorisch bedeutsame Quellen-Edition<\/a><\/h3>\n\t\t<\/header>\n\t\t<div class=\"story\">\n\t\t\t<p class=\"summary\">Herausgegeben vom Institut f\u00fcr die Geschichte der deutschen Juden, konzentriert sich die Edition auf die j\u00fcdische Geschichte Hamburgs und bietet Informationen und Materialien zur Geschichte von Erziehung und Bildung.<\/p>\n\t\t\t<footer class=\"entry-footer\">\n\t\t\t\t<div class=\"entry-date\"><a href=\"https:\/\/bildungsgeschichte.de\/index.php\/beitrag\/4076\/\" class=\"entry-date\">2. Juni 2022<\/a><\/div>\n\t\t\t\t\t\t\t<\/footer>\n\t\t<\/div><!--end .story -->\n    <\/article><!--end .rp-color -->\n\n   \n   <article class=\"rp-color cf\">\n\t   \t\t\t <div class=\"entry-thumb\">\n\t\t\t\t <a href=\"https:\/\/bildungsgeschichte.de\/index.php\/beitrag\/3456\/\" title=\"Permalink to Das philologische Seminar der Berliner Universit\u00e4t: Forschungsdaten zur Entstehung der modernen Forschungsuniversit\u00e4t und der h\u00f6heren Lehrerbildung\"><img loading=\"lazy\" decoding=\"async\" width=\"420\" height=\"380\" src=\"https:\/\/bildungsgeschichte.de\/wp-content\/uploads\/2023\/07\/banner-420x380.jpeg\" class=\"attachment-zuki-medium-portrait size-zuki-medium-portrait wp-post-image\" alt=\"\" \/><\/a>\n\t\t\t<\/div><!-- end .entry-thumb -->\n\t\t\n\t\t<header class=\"entry-header\">\n\t\t\t<div class=\"entry-cats\">\n\t\t\t\t<a href=\"https:\/\/bildungsgeschichte.de\/index.php\/beitrag\/category\/werkstatt\/daten\/\" rel=\"category tag\">Daten<\/a>, <a href=\"https:\/\/bildungsgeschichte.de\/index.php\/beitrag\/category\/quellen\/editionen\/\" rel=\"category tag\">Editionen<\/a>, <a href=\"https:\/\/bildungsgeschichte.de\/index.php\/beitrag\/category\/quellen\/kuratierte-sammlung\/\" rel=\"category tag\">Kuratierte Sammlung<\/a>, <a href=\"https:\/\/bildungsgeschichte.de\/index.php\/beitrag\/category\/quellen\/\" rel=\"category tag\">Quellen<\/a>\t\t\t<\/div><!-- end .entry-cats -->\n\t\t\t<h3 class=\"entry-title\"><a href=\"https:\/\/bildungsgeschichte.de\/index.php\/beitrag\/3456\/\" title=\"Permalink to Das philologische Seminar der Berliner Universit\u00e4t: Forschungsdaten zur Entstehung der modernen Forschungsuniversit\u00e4t und der h\u00f6heren Lehrerbildung\">Das philologische Seminar der Berliner Universit\u00e4t: Forschungsdaten zur Entstehung der modernen Forschungsuniversit\u00e4t und der h\u00f6heren Lehrerbildung<\/a><\/h3>\n\t\t<\/header>\n\t\t<div class=\"story\">\n\t\t\t<p class=\"summary\">Neue universit\u00e4re Organisations-, Lehr- und Lernformen erforschen &#8211; f\u00fcr das Seminar von August Boeck (1785-1867) an der Berliner Universit\u00e4t liegt nun eine Sammlung vielf\u00e4ltiger Forschungsdaten vor.<\/p>\n\t\t\t<footer class=\"entry-footer\">\n\t\t\t\t<div class=\"entry-date\"><a href=\"https:\/\/bildungsgeschichte.de\/index.php\/beitrag\/3456\/\" class=\"entry-date\">24. Februar 2022<\/a><\/div>\n\t\t\t\t\t\t\t<\/footer>\n\t\t<\/div><!--end .story -->\n    <\/article><!--end .rp-color -->\n\n   \n   <article class=\"rp-color cf\">\n\t   \t\t\t <div class=\"entry-thumb\">\n\t\t\t\t <a href=\"https:\/\/bildungsgeschichte.de\/index.php\/beitrag\/2362\/\" title=\"Permalink to Narragonien digital: &#8222;Den narren spiegel ich di\u00df nenn&#8220;\"><img loading=\"lazy\" decoding=\"async\" width=\"420\" height=\"380\" src=\"https:\/\/bildungsgeschichte.de\/wp-content\/uploads\/2023\/11\/banner-1-3-420x380.jpg\" class=\"attachment-zuki-medium-portrait size-zuki-medium-portrait wp-post-image\" alt=\"Teaserbild Narragonien digital\" \/><\/a>\n\t\t\t<\/div><!-- end .entry-thumb -->\n\t\t\n\t\t<header class=\"entry-header\">\n\t\t\t<div class=\"entry-cats\">\n\t\t\t\t<a href=\"https:\/\/bildungsgeschichte.de\/index.php\/beitrag\/category\/quellen\/editionen\/\" rel=\"category tag\">Editionen<\/a>, <a href=\"https:\/\/bildungsgeschichte.de\/index.php\/beitrag\/category\/quellen\/\" rel=\"category tag\">Quellen<\/a>\t\t\t<\/div><!-- end .entry-cats -->\n\t\t\t<h3 class=\"entry-title\"><a href=\"https:\/\/bildungsgeschichte.de\/index.php\/beitrag\/2362\/\" title=\"Permalink to Narragonien digital: &#8222;Den narren spiegel ich di\u00df nenn&#8220;\">Narragonien digital: &#8222;Den narren spiegel ich di\u00df nenn&#8220;<\/a><\/h3>\n\t\t<\/header>\n\t\t<div class=\"story\">\n\t\t\t<p class=\"summary\">Selbsterkenntnis und moralische Besserung &#8211; Zum 500. Todestag Sebastian Brants erscheinen dessen &#8222;Narrenschiff&#8220; und wichtige europ\u00e4ischen Bearbeitungen in einer digitalen, auch f\u00fcr die Historische Bildungsforschung bedeutsamen Edition.<\/p>\n\t\t\t<footer class=\"entry-footer\">\n\t\t\t\t<div class=\"entry-date\"><a href=\"https:\/\/bildungsgeschichte.de\/index.php\/beitrag\/2362\/\" class=\"entry-date\">10. Mai 2021<\/a><\/div>\n\t\t\t\t\t\t\t<\/footer>\n\t\t<\/div><!--end .story -->\n    <\/article><!--end .rp-color -->\n\n   \n<\/div><!--end .bg-wrap -->\n\n\t   <\/div><\/div><\/div><\/div>","protected":false},"excerpt":{"rendered":"","protected":false},"author":2,"featured_media":0,"parent":0,"menu_order":0,"comment_status":"closed","ping_status":"closed","template":"","meta":{"footnotes":""},"class_list":["post-175","page","type-page","status-publish","hentry"],"_links":{"self":[{"href":"https:\/\/bildungsgeschichte.de\/index.php\/wp-json\/wp\/v2\/pages\/175","targetHints":{"allow":["GET"]}}],"collection":[{"href":"https:\/\/bildungsgeschichte.de\/index.php\/wp-json\/wp\/v2\/pages"}],"about":[{"href":"https:\/\/bildungsgeschichte.de\/index.php\/wp-json\/wp\/v2\/types\/page"}],"author":[{"embeddable":true,"href":"https:\/\/bildungsgeschichte.de\/index.php\/wp-json\/wp\/v2\/users\/2"}],"replies":[{"embeddable":true,"href":"https:\/\/bildungsgeschichte.de\/index.php\/wp-json\/wp\/v2\/comments?post=175"}],"version-history":[{"count":2,"href":"https:\/\/bildungsgeschichte.de\/index.php\/wp-json\/wp\/v2\/pages\/175\/revisions"}],"predecessor-version":[{"id":256,"href":"https:\/\/bildungsgeschichte.de\/index.php\/wp-json\/wp\/v2\/pages\/175\/revisions\/256"}],"wp:attachment":[{"href":"https:\/\/bildungsgeschichte.de\/index.php\/wp-json\/wp\/v2\/media?parent=175"}],"curies":[{"name":"wp","href":"https:\/\/api.w.org\/{rel}","templated":true}]}}