{"id":170,"date":"2019-11-21T15:59:31","date_gmt":"2019-11-21T14:59:31","guid":{"rendered":"http:\/\/bildungsgeschichte.de\/?page_id=170"},"modified":"2020-02-13T08:59:51","modified_gmt":"2020-02-13T07:59:51","slug":"hilfsmittel","status":"publish","type":"page","link":"https:\/\/bildungsgeschichte.de\/index.php\/hilfsmittel\/","title":{"rendered":"Repositorien"},"content":{"rendered":"<div id=\"pl-gb170-69d2387db5f65\"  class=\"panel-layout\" ><div id=\"pg-gb170-69d2387db5f65-0\"  class=\"panel-grid panel-no-style\" ><div id=\"pgc-gb170-69d2387db5f65-0-0\"  class=\"panel-grid-cell\" ><div id=\"panel-gb170-69d2387db5f65-0-0-0\" class=\"so-panel widget widget_zuki_recentposts_color panel-first-child panel-last-child\" data-index=\"0\" >\n\t\t\n\n<div class=\"bg-wrap cf\">\n\n   \n   <article class=\"rp-color cf\">\n\t   \t\t\t <div class=\"entry-thumb\">\n\t\t\t\t <a href=\"https:\/\/bildungsgeschichte.de\/index.php\/beitrag\/1082\/\" title=\"Permalink to Digitale Ressourcen f\u00fcr Bildungshistoriker*innen \u2013 ein \u00dcberblick\"><img loading=\"lazy\" decoding=\"async\" width=\"420\" height=\"190\" src=\"https:\/\/bildungsgeschichte.de\/wp-content\/uploads\/2020\/05\/202005mattsTeaser840px.jpg\" class=\"attachment-zuki-medium-portrait size-zuki-medium-portrait wp-post-image\" alt=\"\" \/><\/a>\n\t\t\t<\/div><!-- end .entry-thumb -->\n\t\t\n\t\t<header class=\"entry-header\">\n\t\t\t<div class=\"entry-cats\">\n\t\t\t\t<a href=\"https:\/\/bildungsgeschichte.de\/index.php\/beitrag\/category\/quellen\/\" rel=\"category tag\">Quellen<\/a>, <a href=\"https:\/\/bildungsgeschichte.de\/index.php\/beitrag\/category\/quellen\/repositorien\/\" rel=\"category tag\">Repositorien<\/a>, <a href=\"https:\/\/bildungsgeschichte.de\/index.php\/beitrag\/category\/quellen\/thematische-sammlung\/\" rel=\"category tag\">Thematische Sammlung<\/a>\t\t\t<\/div><!-- end .entry-cats -->\n\t\t\t<h3 class=\"entry-title\"><a href=\"https:\/\/bildungsgeschichte.de\/index.php\/beitrag\/1082\/\" title=\"Permalink to Digitale Ressourcen f\u00fcr Bildungshistoriker*innen \u2013 ein \u00dcberblick\">Digitale Ressourcen f\u00fcr Bildungshistoriker*innen \u2013 ein \u00dcberblick<\/a><\/h3>\n\t\t<\/header>\n\t\t<div class=\"story\">\n\t\t\t<p class=\"summary\">Einen \u00dcberblick \u00fcber die wichtigsten frei zug\u00e4nglichen Sammlungen digitaler Quellen der Bildungs- und Erziehungsgeschichte bietet diese kommentierte Linksammlung,<\/p>\n\t\t\t<footer class=\"entry-footer\">\n\t\t\t\t<div class=\"entry-date\"><a href=\"https:\/\/bildungsgeschichte.de\/index.php\/beitrag\/1082\/\" class=\"entry-date\">29. April 2020<\/a><\/div>\n\t\t\t\t\t\t\t<\/footer>\n\t\t<\/div><!--end .story -->\n    <\/article><!--end .rp-color -->\n\n   \n   <article class=\"rp-color cf\">\n\t   \t\t\t <div class=\"entry-thumb\">\n\t\t\t\t <a href=\"https:\/\/bildungsgeschichte.de\/index.php\/beitrag\/882\/\" title=\"Permalink to Historische Portr\u00e4taufnahmen\"><img loading=\"lazy\" decoding=\"async\" width=\"420\" height=\"190\" src=\"https:\/\/bildungsgeschichte.de\/wp-content\/uploads\/2020\/02\/bearbeitet_teaser.jpg\" class=\"attachment-zuki-medium-portrait size-zuki-medium-portrait wp-post-image\" alt=\"Beitragsbild - Gruppenportrait von acht Mitgliedern der Turnvereinigung Berliner Lehrer\" \/><\/a>\n\t\t\t<\/div><!-- end .entry-thumb -->\n\t\t\n\t\t<header class=\"entry-header\">\n\t\t\t<div class=\"entry-cats\">\n\t\t\t\t<a href=\"https:\/\/bildungsgeschichte.de\/index.php\/beitrag\/category\/quellen\/\" rel=\"category tag\">Quellen<\/a>, <a href=\"https:\/\/bildungsgeschichte.de\/index.php\/beitrag\/category\/quellen\/repositorien\/\" rel=\"category tag\">Repositorien<\/a>\t\t\t<\/div><!-- end .entry-cats -->\n\t\t\t<h3 class=\"entry-title\"><a href=\"https:\/\/bildungsgeschichte.de\/index.php\/beitrag\/882\/\" title=\"Permalink to Historische Portr\u00e4taufnahmen\">Historische Portr\u00e4taufnahmen<\/a><\/h3>\n\t\t<\/header>\n\t\t<div class=\"story\">\n\t\t\t<p class=\"summary\">Das digitale Portr\u00e4tarchiv DigiPortA stellt rund 33.000 Portr\u00e4ts und Gruppenaufnahmen als Digitalisate und umfangreiche Metadaten zu den Abbildungen f\u00fcr die geisteswissenschaftliche Forschung online unter www.digiporta.net zur Verf\u00fcgung. Mit dem&#8230;<\/p>\n\t\t\t<footer class=\"entry-footer\">\n\t\t\t\t<div class=\"entry-date\"><a href=\"https:\/\/bildungsgeschichte.de\/index.php\/beitrag\/882\/\" class=\"entry-date\">14. Februar 2020<\/a><\/div>\n\t\t\t\t\t\t\t<\/footer>\n\t\t<\/div><!--end .story -->\n    <\/article><!--end .rp-color -->\n\n   \n   <article class=\"rp-color cf\">\n\t   \t\t\t <div class=\"entry-thumb\">\n\t\t\t\t <a href=\"https:\/\/bildungsgeschichte.de\/index.php\/beitrag\/668\/\" title=\"Permalink to Kinder- und Jugendsachliteratur &#8211; das Konvolut WegehauptDigital\"><img loading=\"lazy\" decoding=\"async\" width=\"420\" height=\"190\" src=\"https:\/\/bildungsgeschichte.de\/wp-content\/uploads\/2020\/02\/01_Beitragsbild.jpg\" class=\"attachment-zuki-medium-portrait size-zuki-medium-portrait wp-post-image\" alt=\"Beitragsbild - Der Gleasmacher\" \/><\/a>\n\t\t\t<\/div><!-- end .entry-thumb -->\n\t\t\n\t\t<header class=\"entry-header\">\n\t\t\t<div class=\"entry-cats\">\n\t\t\t\t<a href=\"https:\/\/bildungsgeschichte.de\/index.php\/beitrag\/category\/quellen\/\" rel=\"category tag\">Quellen<\/a>, <a href=\"https:\/\/bildungsgeschichte.de\/index.php\/beitrag\/category\/quellen\/repositorien\/\" rel=\"category tag\">Repositorien<\/a>, <a href=\"https:\/\/bildungsgeschichte.de\/index.php\/beitrag\/category\/quellen\/thematische-sammlung\/\" rel=\"category tag\">Thematische Sammlung<\/a>\t\t\t<\/div><!-- end .entry-cats -->\n\t\t\t<h3 class=\"entry-title\"><a href=\"https:\/\/bildungsgeschichte.de\/index.php\/beitrag\/668\/\" title=\"Permalink to Kinder- und Jugendsachliteratur &#8211; das Konvolut WegehauptDigital\">Kinder- und Jugendsachliteratur &#8211; das Konvolut WegehauptDigital<\/a><\/h3>\n\t\t<\/header>\n\t\t<div class=\"story\">\n\t\t\t<p class=\"summary\">Im Rahmen eines vom damaligen Beauftragten der Bundesregierung f\u00fcr Kultur und Medien, Bernd Neumann, kofinanzierten Projekts konnte die Kinder- und Jugendbuchabteilung der Staatsbibliothek zu Berlin \u2013 Preu\u00dfischer Kulturbesitz (SBB-PK)&#8230;<\/p>\n\t\t\t<footer class=\"entry-footer\">\n\t\t\t\t<div class=\"entry-date\"><a href=\"https:\/\/bildungsgeschichte.de\/index.php\/beitrag\/668\/\" class=\"entry-date\">4. Februar 2020<\/a><\/div>\n\t\t\t\t\t\t\t<\/footer>\n\t\t<\/div><!--end .story -->\n    <\/article><!--end .rp-color -->\n\n   \n<\/div><!--end .bg-wrap -->\n\n\t   <\/div><\/div><\/div><\/div>","protected":false},"excerpt":{"rendered":"","protected":false},"author":2,"featured_media":0,"parent":0,"menu_order":0,"comment_status":"closed","ping_status":"closed","template":"","meta":{"footnotes":""},"class_list":["post-170","page","type-page","status-publish","hentry"],"_links":{"self":[{"href":"https:\/\/bildungsgeschichte.de\/index.php\/wp-json\/wp\/v2\/pages\/170","targetHints":{"allow":["GET"]}}],"collection":[{"href":"https:\/\/bildungsgeschichte.de\/index.php\/wp-json\/wp\/v2\/pages"}],"about":[{"href":"https:\/\/bildungsgeschichte.de\/index.php\/wp-json\/wp\/v2\/types\/page"}],"author":[{"embeddable":true,"href":"https:\/\/bildungsgeschichte.de\/index.php\/wp-json\/wp\/v2\/users\/2"}],"replies":[{"embeddable":true,"href":"https:\/\/bildungsgeschichte.de\/index.php\/wp-json\/wp\/v2\/comments?post=170"}],"version-history":[{"count":4,"href":"https:\/\/bildungsgeschichte.de\/index.php\/wp-json\/wp\/v2\/pages\/170\/revisions"}],"predecessor-version":[{"id":813,"href":"https:\/\/bildungsgeschichte.de\/index.php\/wp-json\/wp\/v2\/pages\/170\/revisions\/813"}],"wp:attachment":[{"href":"https:\/\/bildungsgeschichte.de\/index.php\/wp-json\/wp\/v2\/media?parent=170"}],"curies":[{"name":"wp","href":"https:\/\/api.w.org\/{rel}","templated":true}]}}